{"id":176,"date":"2016-02-07T12:11:09","date_gmt":"2016-02-07T12:11:09","guid":{"rendered":"http:\/\/rhythmischeliedermacher.de\/wp_rl\/?page_id=176"},"modified":"2026-03-31T10:44:04","modified_gmt":"2026-03-31T10:44:04","slug":"termine","status":"publish","type":"page","link":"https:\/\/rhythmischeliedermacher.de\/wp_rl\/termine\/","title":{"rendered":"Termine"},"content":{"rendered":"<p>2026:<\/p>\n<p style=\"padding-left: 40px;\"><strong>07.02.2026<\/strong> &#8211; Kofferfabrik (F\u00fcrth)<\/p>\n<p style=\"padding-left: 40px;\"><strong>06.06.2026<\/strong> &#8211; Wudzdog Open Air (Dornstadt)<\/p>\n<p style=\"padding-left: 40px;\"><strong>07.06.2026<\/strong> &#8211; Neumarkt (LGS, Kinderkonzert)<\/p>\n<p style=\"padding-left: 40px;\"><strong>20.06.2026<\/strong> &#8211; Hochzeit in Pilsach<\/p>\n<p style=\"padding-left: 40px;\"><strong>22.06.2026<\/strong> &#8211; Tollwood (16:30 Uhr, M\u00fcnchen, Andechser Zelt)<\/p>\n<p style=\"padding-left: 40px;\"><strong>27.06.2026<\/strong> &#8211; Hochzeit in Rosenheim<\/p>\n<p style=\"padding-left: 40px;\"><strong>03.07.2026<\/strong> &#8211; 7th heaven Festival<\/p>\n<p style=\"padding-left: 40px;\"><strong>12.07.2026<\/strong> &#8211; Komod Festival (Weilheim in Oberbayern)<\/p>\n<p>2025:<\/p>\n<p style=\"padding-left: 40px;\"><strong>27.02.2025<\/strong> &#8211; Neumarkt (Kindergartenkonzert)<\/p>\n<p style=\"padding-left: 40px;\"><strong>24.04.2025<\/strong> &#8211; MUZ (N\u00fcrnberg)<\/p>\n<p style=\"padding-left: 40px;\"><strong>05.05.2025<\/strong> &#8211; Neumarkt (LGS, Kinderkonzert)<\/p>\n<p style=\"padding-left: 40px;\"><strong>30.05.2025<\/strong> &#8211; Tiefes Niederbayern (privat)<\/p>\n<p style=\"padding-left: 40px;\"><strong>14.06.2025<\/strong> &#8211; MUZ Sommerfest (N\u00fcrnberg)<\/p>\n<p style=\"padding-left: 40px;\"><strong>15.06.2025<\/strong> &#8211; Neumarkt, Residenzplatz (19 Uhr, Altstadtfest)<\/p>\n<p style=\"padding-left: 40px;\"><strong>21.06.2025<\/strong> &#8211; Ansbach, Kulturg\u00e4rtla (21 Uhr, Altstadtfest)<\/p>\n<p style=\"padding-left: 40px;\"><strong>27.06.2025<\/strong> &#8211; Afrika-Karibik-Festival (Wassertr\u00fcdingen)<\/p>\n<p style=\"padding-left: 40px;\"><strong>04.07.2026<\/strong> &#8211; (Parsberg)<\/p>\n<p style=\"padding-left: 40px;\"><strong>02.08.2025<\/strong> &#8211; Tiefes Niederbayern (privat)<\/p>\n<p style=\"padding-left: 40px;\"><strong>20.09.2025<\/strong> &#8211; Berg b. Neumarkt<\/p>\n<p>2024:<\/p>\n<p style=\"padding-left: 40px;\"><strong>18.04.2024<\/strong> &#8211; Baumwanderung (F\u00fcrth)<\/p>\n<p style=\"padding-left: 40px;\"><strong>19.04.2024<\/strong> &#8211; Berg Akustik Festival (Dachau)<\/p>\n<p style=\"padding-left: 40px;\"><strong>04.04.2024<\/strong> &#8211; Nacht der Sinne (Neumarkt)<\/p>\n<p style=\"padding-left: 40px;\"><strong>18.05.2024<\/strong> &#8211; Erlangen (privat)<\/p>\n<p style=\"padding-left: 40px;\"><strong>08.06.2024<\/strong> &#8211; Ansbach (privat)<\/p>\n<p style=\"padding-left: 40px;\"><strong>21.06.2024<\/strong> &#8211; Altstadtfest Neumarkt (mit Superband)<\/p>\n<p style=\"text-align: left; padding-left: 40px;\"><strong>22.06.2024<\/strong> &#8211; Spiegelfabrik (F\u00fcrth)<\/p>\n<p style=\"padding-left: 40px;\"><strong>19.07.2024<\/strong> &#8211; Kinderkonzert, Woffenbach (Neumarkt)<\/p>\n<p style=\"padding-left: 40px;\"><strong>19.07.2024<\/strong> &#8211; 50 Jahre Kreisgruppe BUND Naturschutz (Neumarkt)<\/p>\n<p style=\"padding-left: 40px;\"><strong>04.10.2024<\/strong> &#8211; cake bar (Berlin)<\/p>\n<p style=\"padding-left: 40px;\"><strong>05.10.2024<\/strong> &#8211; Berlin (privat)<\/p>\n<p style=\"padding-left: 40px;\"><strong>22.10.2024<\/strong> &#8211; Rampenschweinerei (Kulturforum, F\u00fcrth)<\/p>\n<p>2023:<\/p>\n<p style=\"padding-left: 40px;\"><strong>11.02.2023<\/strong> &#8211; Kofferfabrik (F\u00fcrth, mit Band)<\/p>\n<p style=\"padding-left: 40px;\"><strong>20.02.2023<\/strong> &#8211; Cafe Duft (Passau, mit Band)<\/p>\n<p style=\"padding-left: 40px;\"><strong>10.06.2023<\/strong> &#8211; Kulturg\u00e4rtla, Altstadtfest Ansbach (mit Band, 21:00)<\/p>\n<p style=\"padding-left: 40px;\"><strong>17.06.2023<\/strong> &#8211; Altstadtfest Neumarkt (mit Band, 21:30)<\/p>\n<p style=\"padding-left: 40px;\"><strong>17.08.2023<\/strong> &#8211; Erlangen (privat)<\/p>\n<p style=\"padding-left: 40px;\"><strong>19.08.2023<\/strong> &#8211; Bayreuth (privat)<\/p>\n<p style=\"padding-left: 40px;\"><strong>30.09.2023<\/strong> &#8211; G6 (Neumarkt, mit Band)<\/p>\n<p style=\"padding-left: 40px;\"><strong>26.11.2023<\/strong> &#8211; Fest der Kulturen (Neumarkt, mit Band)<\/p>\n<p>2022: Quarant\u00e4ne<\/p>\n<p>2021: Quarant\u00e4ne<\/p>\n<p>2020:<\/p>\n<ul class=\"Termine\">\n<li><strong>18.01.2020<\/strong>\u00a0&#8211; \u00d6MO &#8211; \u00d6fter mal Offbeat (Alte M\u00e4lzerei &#8211; Regensburg, mit Band) \u00a0 <a href=\"https:\/\/www.alte-maelzerei.de\/de\/prog.php\">https:\/\/www.alte-maelzerei.de\/de\/prog.php<\/a>\u00a0 \u00a0\u00a0<a href=\"https:\/\/z-m-www.facebook.com\/events\/436633287030322\/\">https:\/\/z-m-www.facebook.com\/events\/436633287030322\/<\/a><\/li>\n<li><strong>27.01.2020 &#8211;<\/strong> Cafe Duftleben (Passau)<\/li>\n<li><strong>29.02.2020<\/strong> &#8211; N\u00fcrnberg (privat, mit Band)<\/li>\n<li><strong>05.03.2020<\/strong> &#8211; Comedy Mix (AEG, N\u00fcrnberg)<\/li>\n<li>\n<h6><strong>07.03.2020<\/strong> &#8211; Poetry Slam im PARKS,\u00a0N\u00fcrnberg<br \/>\n<a href=\"https:\/\/www.facebook.com\/events\/426355384631238\/\">https:\/\/www.facebook.com\/events\/426355384631238\/<\/a><\/h6>\n<\/li>\n<li>\n<h6><strong>08.03.2020<\/strong> &#8211; Poetry Slam im E-Werk, Erlangen<\/h6>\n<\/li>\n<li><strong>28.03.2020<\/strong> &#8211; Ingolstadt (privat)<\/li>\n<li><strong>18.04.2020<\/strong> &#8211; \u00a0Traumfabrik Erlebnistage (Regensburg, Moderation der offenen B\u00fchne)<\/li>\n<li><strong>10.06.2020<\/strong> &#8211; Altstadtfest Ansbach (mit Band)<\/li>\n<li><strong>13.06.2020<\/strong> &#8211; Spalt (mit Band)<\/li>\n<li><strong>20.06.2020<\/strong> &#8211; Altstadtfest Neumarkt (mit Band, 21:30)<\/li>\n<li><strong>03.07.2020<\/strong> &#8211; OpenAir (Ursensollen, mit Band)<\/li>\n<li><strong>11.07.2020<\/strong> &#8211; Schneem\u00fchle (mit Band)<\/li>\n<li><strong>17.10.2020<\/strong> &#8211; Kofferfabrik (F\u00fcrth, mit Band)<\/li>\n<\/ul>\n<p>2019:<\/p>\n<ul class=\"Termine\">\n<li><strong>12.01.2019<\/strong>\u00a0&#8211; Neumarkt (privat)<\/li>\n<li><strong>30.03.2019<\/strong> &#8211; Earth Day (Rathausplatz, Neumarkt)\u00a0<a href=\"https:\/\/www.facebook.com\/events\/455053338368318\/\">https:\/\/www.facebook.com\/events\/455053338368318\/<\/a><\/li>\n<li><strong>27.04.2019<\/strong> &#8211;\u00a0Traumfabrik Erlebnistage (Regensburg, Moderation der offenen B\u00fchne)<\/li>\n<li><strong>09.06.2019<\/strong> &#8211; Ost Anders Festival, Z-Bau (N\u00fcrnberg) <a href=\"https:\/\/www.ostanders.de\/\">https:\/\/www.ostanders.de\/<\/a><\/li>\n<li><strong>22.06.2019<\/strong> &#8211; N\u00fcrnberg (privat, mit Band)<\/li>\n<li><strong>25.06.2019 &#8211;<\/strong> Tagtraum (Ingolstadt)<\/li>\n<li><strong>28.06.2019<\/strong> &#8211; Kangaroo Inn (Neumarkt, mit Band)<\/li>\n<li><strong>29.06.2019<\/strong> &#8211; Open Air des Lautsprecher e.V. (Spalt, Mittelfranken, mit Band)\u00a0<a href=\"https:\/\/www.facebook.com\/Lautsprecher-eV-Spalt-781261988919544\/\">https:\/\/www.facebook.com\/Lautsprecher-eV-Spalt-781261988919544\/<\/a><\/li>\n<li><strong>13.07.2019<\/strong> &#8211; fairFEST (Neumarkt)<\/li>\n<li><strong>30.07.2019<\/strong> &#8211; Rampenscheinerei (F\u00fcrth)<\/li>\n<li><strong>03.08.2019<\/strong> &#8211; Soundhornfestival (mit Band) <a href=\"https:\/\/www.soundhorn-festival.de\">https:\/\/www.soundhorn-festival.de<\/a><\/li>\n<li><strong>30.08.2019 <\/strong>&#8211;\u00a0ZugVogelfest (Tr\u00f6bes bei Moosbach\/Oberfpfalz)<\/li>\n<li><strong>21.09.2019<\/strong> &#8211; Berchinale (Berching)<\/li>\n<li><strong>26.10.2019<\/strong> &#8211; K3 (Neumarkt, mit Band)\u00a0<a href=\"https:\/\/k3-neumarkt.clubdesk.com\/clubdesk\/www?p=100200\">https:\/\/k3-neumarkt.clubdesk.com\/clubdesk\/www?p=100200<\/a><\/li>\n<li><strong>16.11.2019<\/strong> &#8211; Weiden (privat)<\/li>\n<li><strong>26.12. 2019<\/strong> &#8211; Kangaroo Inn (Neumarkt)<\/li>\n<\/ul>\n<p>2018:<\/p>\n<ul class=\"Termine\">\n<li><strong>12.01.2018<\/strong>\u00a0&#8211; Klostersaal (Neumarkt)<\/li>\n<li><strong>24.02.2018<\/strong> &#8211; Wirtshaus Spezial (Lauteracher Hof, Lauterhofen)<\/li>\n<li><strong>10.03.2018<\/strong> &#8211; G6 (Neumarkt)<\/li>\n<li><strong>15.03.2018<\/strong> &#8211; Ulenspiegel (Gie\u00dfen)<\/li>\n<li><strong>16.03.2018<\/strong> &#8211; Kangaroo Inn (Kurzauftritt, Neumarkt)<\/li>\n<li><strong>17.03.2018<\/strong> &#8211; Kap94 (Ingolstadt)<\/li>\n<li><strong>24.03.2018<\/strong> &#8211; Earth Day (Rathausvorplatz, Neumarkt)<\/li>\n<li><strong>05.04.2018<\/strong> &#8211; Comedy Mix (Kulturkellerei, N\u00fcrnberg)<\/li>\n<li><strong>06.04.2018<\/strong> &#8211; Comedy Mix (E-Werk, Erlangen)<\/li>\n<li><strong>07.04.2018<\/strong> &#8211;\u00a0Traumfabrik Erlebnistage (Regensburg, Moderation der offenen B\u00fchne)<\/li>\n<li><strong>14.04.2018<\/strong> &#8211; Ringlstetters Rendevous (Theater Regensburg, mit Hannes Ringlstetter)<\/li>\n<li><strong>04.05.2018<\/strong> &#8211;\u00a0Comedy Mix (E-Werk, Erlangen)<\/li>\n<li><strong>05.05.2018<\/strong> &#8211; Neumarkt (privat)<\/li>\n<li><strong>09.05.2018<\/strong> &#8211; Lauteracher Hof (Lauterhofen, Support f\u00fcr BBou)<\/li>\n<li><strong>12.05.2018<\/strong> &#8211; Neustadt\/Aisch<\/li>\n<li><strong>29.05.2018<\/strong> &#8211; Lebenshilfe (13:30 Uhr, Neumarkt, Kinderkonzert)<\/li>\n<li><strong>30.05.2018<\/strong> &#8211; Hoffest beim Gehr (Lauterhofen)<\/li>\n<li><strong>09.06.2018<\/strong> &#8211; Altstadtfest (18 Uhr, Neumarkt, mit Band)<\/li>\n<li><strong>10.06.2018<\/strong> &#8211; Altstadtfest (14 Uhr, Neumarkt, Kinderprogramm)<\/li>\n<li><strong>30.06.2018<\/strong> &#8211; Regensburg (privat)<\/li>\n<li><strong>29.08.2018<\/strong> &#8211; Bardentreffen (N\u00fcrnberg)<\/li>\n<li><strong>04.08.2018<\/strong> &#8211; Aalen (privat) &#8230; FINGERBRUCHBEDINGT ABGESAGT!!!<\/li>\n<li><strong>11.08.2018<\/strong> &#8211; Tr\u00e4umertage &#8230; FINGERBRUCHBEDINGT ABGESAGT!!!<\/li>\n<li><strong>25.08.2018<\/strong> &#8211; Festival (Niederhof, mit Band) &#8230; FINGERBRUCHBEDINGT ABGESAGT!!!<\/li>\n<li><strong>31.08.2018<\/strong> &#8211; Zugvogelfest &#8230; FINGERBRUCHBEDINGT ABGESAGT!!!<\/li>\n<li><strong>13.10.2018<\/strong> &#8211; Er\u00f6ffnung Kulturcafe Immergr\u00fcn (Neumarkt)<\/li>\n<li><strong>19.10.2018<\/strong> &#8211; 16. Literaturnacht Berching<\/li>\n<li><strong>31.10.2018<\/strong> &#8211; Neustadt Aisch (privat)<\/li>\n<li><strong>02.11.2018<\/strong> &#8211; Flatted Fifth (F\u00fcrth)<\/li>\n<li><strong>10.11.2018<\/strong> &#8211; Golden (Ingolstadt, mit Band)<\/li>\n<li><strong>07.12.2018<\/strong> &#8211; MUZ (N\u00fcrnberg, Support von Monobo Son)<\/li>\n<li><strong>08.12.2018<\/strong> &#8211; Kangaroo Inn (Neumarkt, mit Band)<\/li>\n<\/ul>\n<p>2017:<\/p>\n<ul class=\"Termine\">\n<li><b>03.02.2017<\/b>\u00a0&#8211; Bock auf Blech (Lauterhofen, mit GiBrassKa)<\/li>\n<li><b>04.02.2017<\/b>\u00a0&#8211; N\u00fcrnberg (privat)<\/li>\n<li><strong>11.03.2017<\/strong>\u00a0&#8211; treffbeat 9 (Treff, R\u00f6ckersb\u00fchl)<\/li>\n<li><strong>24.03.2017<\/strong>\u00a0&#8211; Birretta Bier Bar (Regensburg)<\/li>\n<li><strong>25.03.2017<\/strong>\u00a0&#8211;\u00a0Golden (Ingolstadt)<\/li>\n<li><strong>22.04.2017<\/strong> &#8211; Eine Welt Lauf (Titting)<\/li>\n<li><strong>04.05.2017<\/strong> &#8211; Open Air in der Luise (N\u00fcrnberg)<\/li>\n<li><strong>12.05.2017<\/strong> &#8211; 875 Jahre Berngau\u00a0(Berngau)<\/li>\n<li><strong>13.05.2017<\/strong>\u00a0&#8211; Neumarkt (privat)<\/li>\n<li><strong>09.06.2017<\/strong> &#8211; Musikalischer Sommer Schiffenberg (Gie\u00dfen, mit GiBrassKa)<\/li>\n<li><strong>14.06.2017<\/strong> &#8211; Hoffest beim Gehr\u00a0(Lauterhofen)<\/li>\n<li><strong>17.06.2017<\/strong> &#8211; Traumfabrik Erlebnistage (Regensburg, Moderation der offenen B\u00fchne)<\/li>\n<li><strong>27.06.2017<\/strong> &#8211; GarNix (Garching b. M\u00fcnchen)<\/li>\n<li><strong>01.07.2017<\/strong>\u00a0&#8211; Woodstock der Blasmusik (Ort im Innkreis, mit GiBrassKa)<\/li>\n<li><strong>07.07.2017<\/strong> &#8211; LMU-Sommerfest (23:30 Uhr, M\u00fcnchen)<\/li>\n<li><strong>08.07.2017<\/strong> &#8211; Berching (privat)<\/li>\n<li><strong>15.07.2017<\/strong> &#8211; 10 Jahre Musikverein M\u00fchlhausen-Sulzb\u00fcrg (19 Uhr, M\u00fchlhausen)<\/li>\n<li><strong>15.07.2017<\/strong> &#8211; Gostener Hoftheater (23:20 Uhr, N\u00fcrnberg)<\/li>\n<li><strong>16.07.2017<\/strong> &#8211; RW Sommerfest (Wendelstein)<\/li>\n<li><strong>28.07.2017<\/strong> &#8211; Bardentreffen (\u00fcberall in N\u00fcrnberg)<\/li>\n<li><strong>29.07.2017<\/strong> &#8211; Bardentreffen (\u00fcberall in N\u00fcrnberg)<\/li>\n<li><strong>30.07.2017<\/strong>\u00a0&#8211;\u00a0Neumarkt (privat)<\/li>\n<li><strong>12.08.2017<\/strong> &#8211; Br\u00fcckenfestival Kulturzelt (N\u00fcrnberg)<\/li>\n<li><strong>17.08.2017<\/strong> &#8211; Bad Kissingen (privat)<\/li>\n<li><strong>19.08.2017<\/strong> &#8211; Sommerfest (Breitenhill)<\/li>\n<li><strong>25.08.2017<\/strong> &#8211; Wendelstein (privat)<\/li>\n<li><strong>26.08.2017<\/strong> &#8211; Ring-Theater (Amberg)<\/li>\n<li><strong>01.09.2017<\/strong> &#8211; Kulturcafe Er\u00f6ffnung (Neumarkt)<\/li>\n<li><strong>09.09.2017<\/strong> &#8211; Gro\u00dfenbuseck (privat, mit GiBrassKa)<\/li>\n<li><strong>23.09.2017<\/strong> &#8211; Berchinale (Berching)<\/li>\n<li><strong>24.09.2017<\/strong> &#8211; Hoffest (Hersbruck)<\/li>\n<li><strong>29.09.2017<\/strong> &#8211; Neumarkt (privat)<\/li>\n<li><strong>03.10.2017<\/strong> &#8211;\u00a0St. Franziskus Kindergarten (Neumarkt, Kinderkonzert)<\/li>\n<li><strong>14.10.2017<\/strong> &#8211; Neumarkt (privat)<\/li>\n<li><strong>21.10.2017<\/strong> &#8211; W\u00fcrzburg (WG-Konzert)<\/li>\n<li><strong>11.11.2017<\/strong> &#8211; Passau (privat)<\/li>\n<li><strong>25.11.2017<\/strong> &#8211; Rote Nacht (K4, N\u00fcrnberg)<\/li>\n<li><strong>09.12.2017<\/strong> &#8211; Kangaroo Inn (Neumarkt)<\/li>\n<\/ul>\n<p>2016:<\/p>\n<ul class=\"Termine\">\n<li><b>12.02.2016<\/b> &#8211;\u00a0taT (Gie\u00dfen, mit GiBrassKa)<\/li>\n<li><b>13.02.2016<\/b> &#8211;\u00a0Lauteracher Hof (Lauterhofen, mit GiBrassKa)<\/li>\n<li><strong>02.04.2016<\/strong> &#8211; Traumfabrik Regensburg (11Uhr, 14 Uhr &amp; 18 Uhr Kurzauftritte, 22 Uhr Konzert)<\/li>\n<li><strong>01.05.2016<\/strong> &#8211; Kofferfabrik (F\u00fcrth, Slam\/Mix Show)<\/li>\n<li><strong>02.05.2016<\/strong> &#8211;\u00a0K4 (N\u00fcrnberg, Slam\/Mix Show)<\/li>\n<li><strong>05.05.2016<\/strong> &#8211; Carl Haefner Festival (auf dem idyllischen Leisauer Berg)<\/li>\n<li><strong>03.06.2016<\/strong> &#8211; Schiffenberg Open Air (Gie\u00dfen, mit GiBrassKa)<\/li>\n<li><b>04.06.2016<\/b> &#8211; Parsberg\u00a0(privat)<\/li>\n<li><strong>11.06.2016<\/strong> &#8211; Golden (Ingolstadt)<\/li>\n<li><strong>12.06.2016<\/strong> &#8211; Altstadtfest (Neumarkt)<\/li>\n<li><strong>16.06.2016<\/strong> &#8211; Gar Nix! &#8211; Festival (M\u00fcnchen)<\/li>\n<li><strong>23.06.2016<\/strong> &#8211; Sommerb\u00fchne (Berkastel-Kues, mit Sergej). Beginn: 18 Uhr<\/li>\n<li><strong>24.06.2016<\/strong> &#8211; H\u00f6rmannsdorf (privat)<\/li>\n<li><strong>30.06.2016<\/strong> &#8211; Rinderklinikparty (Gie\u00dfen, mit GiBrassKa)<\/li>\n<li><strong>08.07.2016<\/strong> &#8211; 3 Tage Marburg (Marktplatzb\u00fchne, mit GiBrassKa). Beginn: 20 Uhr<\/li>\n<li><strong>10.07.2016<\/strong> &#8211; 3 Tage Marburg (Montevideob\u00fchne, Bruder Dan und Sergej). Beginn: 16:30 Uhr<\/li>\n<li><strong>13.07.2016<\/strong> &#8211;\u00a0Lauteracher Hof (Lauterhofen, Percussion Workshop mit Bruder Phil)<\/li>\n<li><strong>16.07.2016<\/strong> &#8211; Akkufish (Eichst\u00e4tt). Beginn: 20 Uhr<\/li>\n<li><strong>23.07.2016<\/strong> &#8211; 150 Jahre Brauereifest (Riedenburg, mit GiBrassKa)<\/li>\n<li><strong>30.07.2016<\/strong> &#8211; AgratAmAgatha\u00a0Festival (bei Riedenburg)<\/li>\n<li><strong>11.08.2016<\/strong> &#8211; CD-RELEASE TOUR Teil 1: im Ulenspiegel (Gie\u00dfen, mit Band)<\/li>\n<li><strong>12.08.2016<\/strong> &#8211; CD-RELEASE TOUR Teil 2: Wechselwelt (Regensburg, mit Band)<\/li>\n<li><strong>13.08.2016<\/strong> &#8211; CD-RELEASE TOUR Teil 3: Kultur ab Hof (Hochburg-Ach, Ober-\u00d6., mit Band)<\/li>\n<li><strong>14.08.2016<\/strong> &#8211; CD-RELEASE TOUR Teil 4: Kap94 (Ingolstadt, mit Band)<\/li>\n<li><strong>19.08.2016<\/strong> &#8211; Hanflabyrinth (bei Gie\u00dfen)<\/li>\n<li><strong>20.08.2016<\/strong> &#8211; Im Vogelsberg (privat)<\/li>\n<li><strong>10.09.2016<\/strong> &#8211; N\u00fcrnberg (privat)<\/li>\n<li><strong>24.09.2016<\/strong> &#8211; N\u00fcrnberg (privat)<\/li>\n<li><strong>30.09.2016<\/strong> &#8211; Neumarkt (privat)<\/li>\n<li><strong>03.10.2016<\/strong> &#8211; St. Franziskus Kindergarten (Neumarkt, Kinderkonzert)<\/li>\n<li><strong>07.10.2016<\/strong> &#8211; Comedy Mix (E-Werk, Erlangen)<\/li>\n<li><strong>19.10.2016<\/strong> &#8211; Rahmenprogramm beim\u00a0Wortgefecht N\u00fcrnberg (Gutmann am Dutzendteich)<\/li>\n<li><strong>29.10.2016<\/strong> &#8211; Orthaber-Konzert (Eibiswald, Steyermark, mit GiBrassKa)<\/li>\n<li><strong>05.11.2016<\/strong> &#8211; Dorfkulturabend (H\u00f6rmannsdorf)<\/li>\n<li><strong>01.12.2016 <\/strong>&#8211; Cafe Amelie (Gie\u00dfen, mit GiBrassKa)<\/li>\n<li><strong>02.12.2016<\/strong> &#8211; Marburg (privat, mit GiBrassKa)<\/li>\n<li><strong>03.12.2016<\/strong> &#8211; Gie\u00dfen (privat, mit GiBrassKa)<\/li>\n<li><strong>10.12.2016 <\/strong>&#8211; Kangoroo inn (Neumarkt)<\/li>\n<li><strong>15.12.2016<\/strong> &#8211; Culture Container (Berlin)<\/li>\n<li><strong>16.12.2016 <\/strong>&#8211; Pei\u00dfnitzhaus (Halle)<\/li>\n<li><strong>17.12.2016<\/strong> &#8211; nebenan (Leipzig)<\/li>\n<li><strong>18.12.2016<\/strong> &#8211; Werk Zwo (Gro\u00dfhettstedt)<\/li>\n<\/ul>\n","protected":false},"excerpt":{"rendered":"<p>2026: 07.02.2026 &#8211; Kofferfabrik (F\u00fcrth) 06.06.2026 &#8211; Wudzdog Open Air (Dornstadt) 07.06.2026 &#8211; Neumarkt (LGS, Kinderkonzert) 20.06.2026 &#8211; Hochzeit in Pilsach 22.06.2026 &#8211; Tollwood (16:30 Uhr, M\u00fcnchen, Andechser Zelt) 27.06.2026 &#8211; Hochzeit in Rosenheim 03.07.2026 &#8211; 7th heaven Festival 12.07.2026 &#8211; Komod Festival (Weilheim in Oberbayern) 2025: 27.02.2025 &#8211; Neumarkt (Kindergartenkonzert) 24.04.2025 &#8211; MUZ (N\u00fcrnberg) <a href=\"https:\/\/rhythmischeliedermacher.de\/wp_rl\/termine\/\" rel=\"nofollow\"><span class=\"sr-only\">Read more about Termine<\/span>[&hellip;]<\/a><\/p>\n","protected":false},"author":1,"featured_media":0,"parent":0,"menu_order":0,"comment_status":"closed","ping_status":"closed","template":"","meta":{"footnotes":""},"_links":{"self":[{"href":"https:\/\/rhythmischeliedermacher.de\/wp_rl\/wp-json\/wp\/v2\/pages\/176"}],"collection":[{"href":"https:\/\/rhythmischeliedermacher.de\/wp_rl\/wp-json\/wp\/v2\/pages"}],"about":[{"href":"https:\/\/rhythmischeliedermacher.de\/wp_rl\/wp-json\/wp\/v2\/types\/page"}],"author":[{"embeddable":true,"href":"https:\/\/rhythmischeliedermacher.de\/wp_rl\/wp-json\/wp\/v2\/users\/1"}],"replies":[{"embeddable":true,"href":"https:\/\/rhythmischeliedermacher.de\/wp_rl\/wp-json\/wp\/v2\/comments?post=176"}],"version-history":[{"count":126,"href":"https:\/\/rhythmischeliedermacher.de\/wp_rl\/wp-json\/wp\/v2\/pages\/176\/revisions"}],"predecessor-version":[{"id":726,"href":"https:\/\/rhythmischeliedermacher.de\/wp_rl\/wp-json\/wp\/v2\/pages\/176\/revisions\/726"}],"wp:attachment":[{"href":"https:\/\/rhythmischeliedermacher.de\/wp_rl\/wp-json\/wp\/v2\/media?parent=176"}],"curies":[{"name":"wp","href":"https:\/\/api.w.org\/{rel}","templated":true}]}}